{"id":13700,"date":"2026-02-03T12:20:49","date_gmt":"2026-02-03T17:20:49","guid":{"rendered":"https:\/\/canadianferry.ca\/?page_id=13700"},"modified":"2026-02-03T12:20:50","modified_gmt":"2026-02-03T17:20:50","slug":"schottel-3","status":"publish","type":"page","link":"https:\/\/canadianferry.ca\/fr\/schottel-3\/","title":{"rendered":"Schottel"},"content":{"rendered":"<p class=\"has-text-align-center has-small-font-size\"><strong><em>Supplier Member of the Month<\/em><\/strong> allows one CFA Supplier member per month to highlight their business.<\/p>\n\n\n<div class=\"wp-block-image\">\n<figure class=\"aligncenter size-full is-resized\"><img loading=\"lazy\" decoding=\"async\" width=\"960\" height=\"540\" src=\"https:\/\/canadianferry.ca\/wp-content\/uploads\/CFA-MoM-Highlight-Jan-2026.jpg\" alt=\"\" class=\"wp-image-13667\" style=\"width:720px;height:405px\" srcset=\"https:\/\/canadianferry.ca\/wp-content\/uploads\/CFA-MoM-Highlight-Jan-2026.jpg 960w, https:\/\/canadianferry.ca\/wp-content\/uploads\/CFA-MoM-Highlight-Jan-2026-300x169.jpg 300w, https:\/\/canadianferry.ca\/wp-content\/uploads\/CFA-MoM-Highlight-Jan-2026-768x432.jpg 768w, https:\/\/canadianferry.ca\/wp-content\/uploads\/CFA-MoM-Highlight-Jan-2026-18x10.jpg 18w\" sizes=\"auto, (max-width: 960px) 100vw, 960px\" \/><\/figure>\n<\/div>\n\n\n<div style=\"height:23px\" aria-hidden=\"true\" class=\"wp-block-spacer\"><\/div>\n\n\n\n<hr class=\"wp-block-separator has-css-opacity\"\/>\n\n\n\n<div style=\"height:26px\" aria-hidden=\"true\" class=\"wp-block-spacer\"><\/div>\n\n\n\n<p><strong>SCHOTTEL \u2013 Strong Partnerships in the Canadian Ferry Market<\/strong><\/p>\n\n\n\n<p><strong>Celebrating 10 Years of SCHOTTEL Canada<\/strong><\/p>\n\n\n\n<p>SCHOTTEL builds on many years of successful collaboration in the Canadian ferry sector, delivering propulsion solutions that stand for efficiency, reliability, and operational safety. &nbsp;This year, our subsidiary SCHOTTEL Canada proudly celebrates its 10th anniversary, marking a decade of local presence and commitment to supporting our customers. Being named Supplier of the Month by the Ferry Association Canada underlines this strong market position and the trust placed in SCHOTTEL solutions.<\/p>\n\n\n\n<p>Our close collaboration with shipyards, operators, and industry stakeholders has enabled numerous projects in the Canadian ferry industry, including more than 35 ferries equipped with SCHOTTEL systems, including:<\/p>\n\n\n\n<hr class=\"wp-block-separator has-alpha-channel-opacity\"\/>\n\n\n\n<p><strong>Double-ended Ro-Pac Ferry ISLAND DISCOVERY<\/strong><\/p>\n\n\n\n<div style=\"height:20px\" aria-hidden=\"true\" class=\"wp-block-spacer\"><\/div>\n\n\n\n<figure class=\"wp-block-image size-full\"><img loading=\"lazy\" decoding=\"async\" width=\"296\" height=\"158\" src=\"https:\/\/canadianferry.ca\/wp-content\/uploads\/Picture1-3.png\" alt=\"\" class=\"wp-image-13669\" srcset=\"https:\/\/canadianferry.ca\/wp-content\/uploads\/Picture1-3.png 296w, https:\/\/canadianferry.ca\/wp-content\/uploads\/Picture1-3-18x10.png 18w\" sizes=\"auto, (max-width: 296px) 100vw, 296px\" \/><\/figure>\n\n\n\n<div style=\"height:19px\" aria-hidden=\"true\" class=\"wp-block-spacer\"><\/div>\n\n\n\n<p>2 x SCHOTTEL TwinPropeller Type STP 340 (900 kW each)<br><strong>photo credit: BC Ferries<\/strong><\/p>\n\n\n\n<hr class=\"wp-block-separator has-alpha-channel-opacity\"\/>\n\n\n\n<p>RoRo-Ferry SEASPAN SWIFT<\/p>\n\n\n\n<div style=\"height:19px\" aria-hidden=\"true\" class=\"wp-block-spacer\"><\/div>\n\n\n\n<figure class=\"wp-block-image size-full\"><img loading=\"lazy\" decoding=\"async\" width=\"302\" height=\"188\" src=\"https:\/\/canadianferry.ca\/wp-content\/uploads\/Picture2-5.png\" alt=\"\" class=\"wp-image-13670\" srcset=\"https:\/\/canadianferry.ca\/wp-content\/uploads\/Picture2-5.png 302w, https:\/\/canadianferry.ca\/wp-content\/uploads\/Picture2-5-300x187.png 300w, https:\/\/canadianferry.ca\/wp-content\/uploads\/Picture2-5-18x12.png 18w\" sizes=\"auto, (max-width: 302px) 100vw, 302px\" \/><\/figure>\n\n\n\n<div style=\"height:19px\" aria-hidden=\"true\" class=\"wp-block-spacer\"><\/div>\n\n\n\n<p>2 x SCHOTTEL CombiDrives type SCD 560 STP (2200kW each) and 2 x SCHOTTEL TransverseThruster type STT 1 (550kW each)<\/p>\n\n\n\n<hr class=\"wp-block-separator has-alpha-channel-opacity\"\/>\n\n\n\n<p>Double-Ended Ro-Pax Ferry Amherst Islander II &nbsp;<\/p>\n\n\n\n<div style=\"height:19px\" aria-hidden=\"true\" class=\"wp-block-spacer\"><\/div>\n\n\n\n<figure class=\"wp-block-image size-full\"><img loading=\"lazy\" decoding=\"async\" width=\"294\" height=\"188\" src=\"https:\/\/canadianferry.ca\/wp-content\/uploads\/Picture3-5.png\" alt=\"\" class=\"wp-image-13673\" srcset=\"https:\/\/canadianferry.ca\/wp-content\/uploads\/Picture3-5.png 294w, https:\/\/canadianferry.ca\/wp-content\/uploads\/Picture3-5-18x12.png 18w\" sizes=\"auto, (max-width: 294px) 100vw, 294px\" \/><\/figure>\n\n\n\n<div style=\"height:19px\" aria-hidden=\"true\" class=\"wp-block-spacer\"><\/div>\n\n\n\n<p>4x SCHOTTEL TwinPropeller type STP 260 (550kW each)<\/p>\n\n\n\n<hr class=\"wp-block-separator has-alpha-channel-opacity\"\/>\n\n\n\n<p>Double-Ended Ro-Pax Ferry Armand-Imbeau II<strong><\/strong><\/p>\n\n\n\n<div style=\"height:19px\" aria-hidden=\"true\" class=\"wp-block-spacer\"><\/div>\n\n\n\n<figure class=\"wp-block-image size-full\"><img loading=\"lazy\" decoding=\"async\" width=\"300\" height=\"174\" src=\"https:\/\/canadianferry.ca\/wp-content\/uploads\/Picture4-3.png\" alt=\"\" class=\"wp-image-13674\" srcset=\"https:\/\/canadianferry.ca\/wp-content\/uploads\/Picture4-3.png 300w, https:\/\/canadianferry.ca\/wp-content\/uploads\/Picture4-3-18x10.png 18w\" sizes=\"auto, (max-width: 300px) 100vw, 300px\" \/><\/figure>\n\n\n\n<div style=\"height:19px\" aria-hidden=\"true\" class=\"wp-block-spacer\"><\/div>\n\n\n\n<p>2x SRP 510 (2200kW each) (Ice class: 1ASuper)<br><strong>photo credit: Soci\u00e9t\u00e9 des traversiers du Qu\u00e9bec<\/strong><\/p>\n\n\n\n<hr class=\"wp-block-separator has-alpha-channel-opacity\"\/>\n\n\n\n<p>SCHOTTEL appreciates the trust placed in our propulsion solutions and looks forward to continued cooperation within the Canadian ferry industry.<\/p>\n\n\n\n<p><strong>About SCHOTTEL<\/strong><\/p>\n\n\n\n<p>The SCHOTTEL Group, with its headquarters in Spay\/Rhine, is one of the world\u2019s leading manufacturers of steerable propulsion systems for ships and offshore applications. Founded in 1921, the company has been developing and manufacturing azimuth propulsion and complete propulsion systems with power ratings of up to 30 megawatts for vessels of all sizes and types for more than 75 years. Around 100 sales and service locations worldwide ensure customer proximity.<\/p>\n\n\n\n<p>With the invention of the modern rudder propeller in 1950, Josef Becker laid the foundation for SCHOTTEL\u2019s development into one of the world\u2019s leading manufacturers of vessel propulsion systems. Whether azimuth propulsion systems, controllable pitch propellers, main propulsion units or manoeuvring aids, rudder propellers or automation systems: We develop and produce intelligent solutions for vessels and offshore applications of all types and sizes.<\/p>\n\n\n\n<p>From the planning phase through the entire life cycle, customers benefit from many years of propulsion expertise paired with advanced simulation and calculation methods and the latest scientific findings. The result is state-of-the-art products with maximum efficiency, reliability and safety. Production takes place in our own factories in D\u00f6rth and Wismar, Germany, accompanied by continuous controls to ensure the highest quality standards. In cooperation with our sister company elkon, we can also provide fully integrated electrical systems for various types of ships.<\/p>\n\n\n\n<p><strong>Links<\/strong><\/p>\n\n\n\n<p>Website: <a href=\"http:\/\/www.schottel.com\">www.schottel.com<\/a><\/p>\n\n\n\n<p>LinkedIn: <a href=\"https:\/\/www.linkedin.com\/company\/1012541\" target=\"_blank\" rel=\"noreferrer noopener\">https:\/\/www.linkedin.com\/company\/1012541<\/a><\/p>","protected":false},"excerpt":{"rendered":"<p>Supplier Member of the Month allows one CFA Supplier member per month to highlight their business. SCHOTTEL \u2013 Strong Partnerships in the Canadian Ferry Market Celebrating 10 Years of SCHOTTEL Canada SCHOTTEL builds on many years of successful collaboration in the Canadian ferry sector, delivering propulsion solutions that stand for efficiency, reliability, and operational safety. [&hellip;]<\/p>\n","protected":false},"author":12,"featured_media":0,"parent":0,"menu_order":0,"comment_status":"closed","ping_status":"closed","template":"","meta":{"_seopress_robots_primary_cat":"","_seopress_titles_title":"","_seopress_titles_desc":"","_seopress_robots_index":"","footnotes":""},"class_list":["post-13700","page","type-page","status-publish","hentry"],"_links":{"self":[{"href":"https:\/\/canadianferry.ca\/fr\/wp-json\/wp\/v2\/pages\/13700","targetHints":{"allow":["GET"]}}],"collection":[{"href":"https:\/\/canadianferry.ca\/fr\/wp-json\/wp\/v2\/pages"}],"about":[{"href":"https:\/\/canadianferry.ca\/fr\/wp-json\/wp\/v2\/types\/page"}],"author":[{"embeddable":true,"href":"https:\/\/canadianferry.ca\/fr\/wp-json\/wp\/v2\/users\/12"}],"replies":[{"embeddable":true,"href":"https:\/\/canadianferry.ca\/fr\/wp-json\/wp\/v2\/comments?post=13700"}],"version-history":[{"count":1,"href":"https:\/\/canadianferry.ca\/fr\/wp-json\/wp\/v2\/pages\/13700\/revisions"}],"predecessor-version":[{"id":13701,"href":"https:\/\/canadianferry.ca\/fr\/wp-json\/wp\/v2\/pages\/13700\/revisions\/13701"}],"wp:attachment":[{"href":"https:\/\/canadianferry.ca\/fr\/wp-json\/wp\/v2\/media?parent=13700"}],"curies":[{"name":"wp","href":"https:\/\/api.w.org\/{rel}","templated":true}]}}