{"id":12723,"date":"2023-04-11T09:11:02","date_gmt":"2023-04-11T13:11:02","guid":{"rendered":"https:\/\/canadianferry.ca\/?page_id=12723"},"modified":"2023-04-11T09:20:33","modified_gmt":"2023-04-11T13:20:33","slug":"aon-2","status":"publish","type":"page","link":"https:\/\/canadianferry.ca\/fr\/aon-2\/","title":{"rendered":"AON"},"content":{"rendered":"<p class=\"has-text-align-center has-small-font-size\"><strong><em>Supplier Member of the Month<\/em><\/strong> allows one CFA Supplier member per month to highlight their business.<\/p>\n\n\n<div class=\"wp-block-image\">\n<figure class=\"aligncenter size-full is-resized\"><img loading=\"lazy\" decoding=\"async\" src=\"https:\/\/canadianferry.ca\/wp-content\/uploads\/CFA-MoM-Highlight-May-2023.jpg\" alt=\"\" class=\"wp-image-12710\" width=\"720\" height=\"405\" srcset=\"https:\/\/canadianferry.ca\/wp-content\/uploads\/CFA-MoM-Highlight-May-2023.jpg 960w, https:\/\/canadianferry.ca\/wp-content\/uploads\/CFA-MoM-Highlight-May-2023-300x169.jpg 300w, https:\/\/canadianferry.ca\/wp-content\/uploads\/CFA-MoM-Highlight-May-2023-768x432.jpg 768w, https:\/\/canadianferry.ca\/wp-content\/uploads\/CFA-MoM-Highlight-May-2023-18x10.jpg 18w\" sizes=\"auto, (max-width: 720px) 100vw, 720px\" \/><\/figure>\n<\/div>\n\n\n<hr class=\"wp-block-separator has-alpha-channel-opacity\"\/>\n\n\n\n<div style=\"height:26px\" aria-hidden=\"true\" class=\"wp-block-spacer\"><\/div>\n\n\n\n<p><strong><u>w did Canada\u2019s ferry operators weather their Protection &amp; Indemnity coverage renewal this year?<\/u><\/strong><\/p>\n\n\n\n<ul class=\"wp-block-list\">\n<li><em>General increases in premium varied from 0% to 10% this year<\/em><\/li>\n\n\n\n<li><em>P&amp;I Clubs were more flexible to deviate from the General increase position than in prior years<\/em><\/li>\n\n\n\n<li><em>The merger between North of England P&amp;I Club and Standard P&amp;I Club was completed to create the NorthStandard P&amp;I Club \u2013 this is now the amongst the largest P&amp;I Clubs in the world.<\/em><\/li>\n\n\n\n<li><em>Losses suffered by P&amp;I Clubs were the lowest during 2022\/23 than in many years<\/em><\/li>\n\n\n\n<li><em>Reinsurance costs increased by 6% this year except for the&nbsp;passenger vessel class which saw 0% increase being a positive for Canadian Ferry Association members.<\/em><\/li>\n\n\n\n<li><em>Aon one of the world\u2019s largest risk and insurance Advisors on P&amp;I insurance, Aon is advocating to to have reinsurance costs reduced in 2024.<\/em><\/li>\n<\/ul>\n\n\n\n<p>Should you want to discuss your P&amp;I program, including our Aon P&amp;I Health Check, we have four offices to serve you from coast to coast. Contact Brent Chorney at <a href=\"mailto:brent.chorney@aon.ca\">brent.chorney@aon.ca<\/a> or 647.407.8726.<\/p>\n\n\n\n<hr class=\"wp-block-separator has-alpha-channel-opacity\"\/>\n\n\n\n<p><strong><u>Comment les exploitants des traversiers du Canada ont-ils surmont\u00e9 cette ann\u00e9e le renouvellement de leur couverture de protection et d'indemnisation?<\/u><\/strong><\/p>\n\n\n\n<ul class=\"wp-block-list\">\n<li><em>Les augmentations en g\u00e9n\u00e9ral des primes cette ann\u00e9e ont vari\u00e9 de 0 % \u00e0 10 %<\/em><\/li>\n\n\n\n<li><em>Les Clubs P&amp;I ont \u00e9t\u00e9 plus flexibles pour s'\u00e9carter de la position d'augmentation g\u00e9n\u00e9rale que les ann\u00e9es pr\u00e9c\u00e9dentes<\/em><\/li>\n\n\n\n<li><em>La fusion entre le North of England P&amp;I Club et le Standard P&amp;I Club s'est achev\u00e9e pour cr\u00e9er le NorthStandard P&amp;I Club - c'est actuellement le plus grand P&amp;I Club au monde.<\/em><\/li>\n\n\n\n<li><em>Les pertes subies par les clubs P&amp;I ont \u00e9t\u00e9 les plus faibles en 2022\/23 que depuis de nombreuses ann\u00e9es<\/em><\/li>\n\n\n\n<li><em>Les co\u00fbts de r\u00e9assurance ont augment\u00e9 de 6 % cette ann\u00e9e, sauf pour la classe des navires \u00e0 passagers qui a connu une augmentation de 0 %, ce qui est positif pour les membres de l'Association canadienne des traversiers.<\/em><\/li>\n\n\n\n<li><em>Aon, \u00e9tant&nbsp; l'un des plus grands courtiers P&amp;I au monde, nous pr\u00e9conisons que l'op\u00e9rateur de ferry r\u00e9duise ses co\u00fbts de r\u00e9assurance en 2024.<\/em><\/li>\n<\/ul>\n\n\n\n<p>Si vous souhaitez discuter de votre programme P&amp;I, Aon dispose de quatre bureaux pour vous servir d'un oc\u00e9an \u00e0 l'autre ou contactez Brent Chorney \u00e0 <a href=\"mailto:brent.chorney@aon.ca\">brent.chorney@aon.ca<\/a> ou au 647.407.8726.<\/p>","protected":false},"excerpt":{"rendered":"<p>Supplier Member of the Month allows one CFA Supplier member per month to highlight their business. w did Canada\u2019s ferry operators weather their Protection &amp; Indemnity coverage renewal this year? Should you want to discuss your P&amp;I program, including our Aon P&amp;I Health Check, we have four offices to serve you from coast to coast. [&hellip;]<\/p>\n","protected":false},"author":12,"featured_media":0,"parent":0,"menu_order":0,"comment_status":"closed","ping_status":"closed","template":"","meta":{"_seopress_robots_primary_cat":"","_seopress_titles_title":"","_seopress_titles_desc":"","_seopress_robots_index":"","footnotes":""},"class_list":["post-12723","page","type-page","status-publish","hentry"],"_links":{"self":[{"href":"https:\/\/canadianferry.ca\/fr\/wp-json\/wp\/v2\/pages\/12723","targetHints":{"allow":["GET"]}}],"collection":[{"href":"https:\/\/canadianferry.ca\/fr\/wp-json\/wp\/v2\/pages"}],"about":[{"href":"https:\/\/canadianferry.ca\/fr\/wp-json\/wp\/v2\/types\/page"}],"author":[{"embeddable":true,"href":"https:\/\/canadianferry.ca\/fr\/wp-json\/wp\/v2\/users\/12"}],"replies":[{"embeddable":true,"href":"https:\/\/canadianferry.ca\/fr\/wp-json\/wp\/v2\/comments?post=12723"}],"version-history":[{"count":3,"href":"https:\/\/canadianferry.ca\/fr\/wp-json\/wp\/v2\/pages\/12723\/revisions"}],"predecessor-version":[{"id":12729,"href":"https:\/\/canadianferry.ca\/fr\/wp-json\/wp\/v2\/pages\/12723\/revisions\/12729"}],"wp:attachment":[{"href":"https:\/\/canadianferry.ca\/fr\/wp-json\/wp\/v2\/media?parent=12723"}],"curies":[{"name":"wp","href":"https:\/\/api.w.org\/{rel}","templated":true}]}}