{"id":12027,"date":"2021-09-01T08:37:46","date_gmt":"2021-09-01T12:37:46","guid":{"rendered":"https:\/\/canadianferry.ca\/?page_id=12027"},"modified":"2021-09-01T08:37:53","modified_gmt":"2021-09-01T12:37:53","slug":"ocean-group","status":"publish","type":"page","link":"https:\/\/canadianferry.ca\/fr\/ocean-group\/","title":{"rendered":"Ocean Group"},"content":{"rendered":"<p class=\"has-text-align-center has-small-font-size\"><strong><em>Supplier Member of the Month<\/em><\/strong> allows one CFA Supplier member per month to highlight their business.<\/p>\n\n\n\n<div class=\"wp-block-image\"><figure class=\"aligncenter size-full is-resized\"><img loading=\"lazy\" decoding=\"async\" src=\"https:\/\/canadianferry.ca\/wp-content\/uploads\/CFA-MoM-Highlight-July-2.jpg\" alt=\"\" class=\"wp-image-12019\" width=\"720\" height=\"405\" srcset=\"https:\/\/canadianferry.ca\/wp-content\/uploads\/CFA-MoM-Highlight-July-2.jpg 960w, https:\/\/canadianferry.ca\/wp-content\/uploads\/CFA-MoM-Highlight-July-2-300x169.jpg 300w, https:\/\/canadianferry.ca\/wp-content\/uploads\/CFA-MoM-Highlight-July-2-768x432.jpg 768w, https:\/\/canadianferry.ca\/wp-content\/uploads\/CFA-MoM-Highlight-July-2-18x10.jpg 18w\" sizes=\"auto, (max-width: 720px) 100vw, 720px\" \/><\/figure><\/div>\n\n\n\n<hr class=\"wp-block-separator\"\/>\n\n\n\n<p>Ocean Group offers integrated services in port towing and navigation, marine works and dredging, as well as shipbuilding and repair.<\/p>\n\n\n\n<p>With a shipyard in Charlevoix on Isle-aux-Coudres (Quebec) and a multi-functional workshop in Quebec City, more than 250 qualified and trained people with state-of-the-art equipment work together to meet the needs of our customers in shipbuilding and repair.<\/p>\n\n\n\n<p>Ocean Group is proud to be the member of the month selected by the Canadian Ferry Association (CFA) and to share a recent contract obtained for the modernization of the MV Joseph Savard of the Soci\u00e9t\u00e9 des Traversiers du Qu\u00e9bec, which all can consult by&nbsp;<a href=\"https:\/\/www.groupocean.com\/en\/major-29-million-to-modernize-the-mv-joseph-savard-ferry\/\" target=\"_blank\" rel=\"noreferrer noopener\">clicking here.<\/a><\/p>\n\n\n\n<p><strong>MAJOR $29 MILLION TO MODERNIZE THE MV JOSEPH-SAVARD FERRY<\/strong><\/p>\n\n\n\n<p>Recently, a major $29 million contract for the mid-life modernization of the MV Joseph-Savard, a Soci\u00e9t\u00e9 des traversiers du Qu\u00e9bec (STQ) vessel assigned to the Isle-aux-Coudres \u2013 Saint-Joseph-de-la-Rive ferry service, was awarded to our shipbuilding and repair sector. This important project to bring a ship built in 1985 up to current standards will include several phases and has been underway since March 2021. The work includes the replacement of the bow thruster\u2019s diesel engine with a battery- powered electric motor and the replacement of the main engines,&nbsp; to comply with the new IMO Tier III emission standards. This change of engines will allow a considerable reduction of the ship\u2019s polluting emissions.<\/p>\n\n\n\n<p>The three power generators will be replaced and several systems will beupgraded. These include fire detection, engine room alarm monitoring control (AMS), wastewater treatment unit, heating and ventilation, to name a few.<\/p>\n\n\n\n<p>In addition, major work will be performed to improve the common areas. The passenger lounge will undergo a facelift and enlarged to be more in line with the new customer experience standards that the STQ wishes to offer its passengers throughout its network.<\/p>\n\n\n\n<p>Another important modification will be made on the passenger deck, where new pedestrian ramps will be installed in order to adapt the ship to the infrastructures of the Quebec-L\u00e9vis crossing. Once Ocean Group completes this work, the MV Joseph-Savard will officially replace the MV Radisson, which is the relief ship for the Qu\u00e9bec-L\u00e9vis crossing. This vessel has reached the end of its useful life and can no longer navigate in the ice. Gaining more flexibility and improving the versatility of vessels is one of the strategies adopted by the STQ to make its succession plan more robust.<\/p>\n\n\n\n<p>It is important to note that this contract will allow for a natural partnership with Techsol Marine, which will be responsible for many of the modernization works.<\/p>\n\n\n\n<p>The work began in dry dock at the Isle-aux-Coudres shipyard in March 2021. Thereafter, the vessel will transit to the Qu\u00e9bec workshops for work to be done afloat and completed around January 2022. Engineering work was carried out at Concept Naval in preparation for the ship\u2019s dry dock entry. This is another great project that contributes to the reputation not only of Ocean Group, but also of the Quebec maritime industry!<\/p>\n\n\n\n<hr class=\"wp-block-separator\"\/>\n\n\n\n<p><strong>Follow us:<\/strong><\/p>\n\n\n\n<p>Facebook :&nbsp;<a href=\"https:\/\/www.facebook.com\/groupeocean\" target=\"_blank\" rel=\"noreferrer noopener\">https:\/\/www.facebook.com\/groupeocean<\/a><br>Youtube :&nbsp;<a href=\"https:\/\/www.youtube.com\/user\/groupoceanTV\" target=\"_blank\" rel=\"noreferrer noopener\">https:\/\/www.youtube.com\/user\/groupoceanTV<\/a><br>Twitter :&nbsp;<a href=\"https:\/\/twitter.com\/Groupe_Ocean\" target=\"_blank\" rel=\"noreferrer noopener\">https:\/\/twitter.com\/Groupe_Ocean<\/a><br>Instagram :&nbsp;<a href=\"https:\/\/www.instagram.com\/groupeocean\/?hl=en\" target=\"_blank\" rel=\"noreferrer noopener\">https:\/\/www.instagram.com\/groupeocean\/?hl=en<\/a><\/p>","protected":false},"excerpt":{"rendered":"<p>Supplier Member of the Month allows one CFA Supplier member per month to highlight their business. Ocean Group offers integrated services in port towing and navigation, marine works and dredging, as well as shipbuilding and repair. With a shipyard in Charlevoix on Isle-aux-Coudres (Quebec) and a multi-functional workshop in Quebec City, more than 250 qualified [&hellip;]<\/p>\n","protected":false},"author":12,"featured_media":0,"parent":0,"menu_order":0,"comment_status":"closed","ping_status":"closed","template":"","meta":{"_seopress_robots_primary_cat":"","_seopress_titles_title":"","_seopress_titles_desc":"","_seopress_robots_index":"","footnotes":""},"class_list":["post-12027","page","type-page","status-publish","hentry"],"_links":{"self":[{"href":"https:\/\/canadianferry.ca\/fr\/wp-json\/wp\/v2\/pages\/12027","targetHints":{"allow":["GET"]}}],"collection":[{"href":"https:\/\/canadianferry.ca\/fr\/wp-json\/wp\/v2\/pages"}],"about":[{"href":"https:\/\/canadianferry.ca\/fr\/wp-json\/wp\/v2\/types\/page"}],"author":[{"embeddable":true,"href":"https:\/\/canadianferry.ca\/fr\/wp-json\/wp\/v2\/users\/12"}],"replies":[{"embeddable":true,"href":"https:\/\/canadianferry.ca\/fr\/wp-json\/wp\/v2\/comments?post=12027"}],"version-history":[{"count":1,"href":"https:\/\/canadianferry.ca\/fr\/wp-json\/wp\/v2\/pages\/12027\/revisions"}],"predecessor-version":[{"id":12028,"href":"https:\/\/canadianferry.ca\/fr\/wp-json\/wp\/v2\/pages\/12027\/revisions\/12028"}],"wp:attachment":[{"href":"https:\/\/canadianferry.ca\/fr\/wp-json\/wp\/v2\/media?parent=12027"}],"curies":[{"name":"wp","href":"https:\/\/api.w.org\/{rel}","templated":true}]}}