{"id":11832,"date":"2021-04-27T11:36:52","date_gmt":"2021-04-27T15:36:52","guid":{"rendered":"https:\/\/canadianferry.ca\/?page_id=11832"},"modified":"2021-06-01T13:50:10","modified_gmt":"2021-06-01T17:50:10","slug":"cfa-webinar-series-on-future-capital-plans-and-expenditures","status":"publish","type":"page","link":"https:\/\/canadianferry.ca\/fr\/cfa-webinar-series-on-future-capital-plans-and-expenditures\/","title":{"rendered":"S\u00e9rie de webinaires de l\u2019ACT sur les d\u00e9penses et plans d\u2019immobilisations futurs"},"content":{"rendered":"<p>L\u2019ACT organise une s\u00e9rie de webinaires virtuels avec ses membres propri\u00e9taires et exploitants portant sur leurs d\u00e9penses et plans d\u2019immobilisations, mettant l\u2019accent sur les nouveaux traversiers, les travaux pr\u00e9vus sur des traversiers ou sur l\u2019infrastructure Terrestre.<\/p>\n\n\n\n<p><strong>Ne manquez pas cette occasion!<\/strong><\/p>\n\n\n\n<p><strong>\u00c0 quoi pouvez-vous vous attendre?<\/strong><\/p>\n\n\n\n<p>Le format comprendra des pr\u00e9sentations en groupe, suivies d\u2019une p\u00e9riode de questions. Les fournisseurs auront l\u2019occasion de poser des questions.<\/p>\n\n\n\n<p><strong>Inscription<\/strong><\/p>\n\n\n\n<p>Les s\u00e9ances sont gratuites pour les membres de l\u2019ACT en r\u00e8gle seulement.&nbsp;<\/p>\n\n\n\n<p><strong>Pr\u00e9sentations confirm\u00e9es<\/strong><\/p>\n\n\n\n<p>Pour vous inscrire \u00e0 un webinaire, veuillez cliquer sur les liens correspondant \u00e0 chaque date \u00e0 laquelle vous souhaitez assister \u00e0 la s\u00e9ance.<strong><br><\/strong><\/p>\n\n\n\n<ul class=\"wp-block-list\"><li>Wednesday May 5<a rel=\"noreferrer noopener\" href=\"https:\/\/us02web.zoom.us\/webinar\/register\/WN_gD9tiCf1TYaS_1VzEtO7Nw\" target=\"_blank\">,<\/a> de 13 h \u00e0 14 h 30 HAE<ul><li><strong>Coastal Transport Limited<\/strong><\/li><li><strong>Soci\u00e9t\u00e9 des traversiers du Qu\u00e9bec (STQ)<\/strong><\/li><\/ul><ul><li><strong>Traverse Oka-Hudson<br><\/strong><br><\/li><\/ul><\/li><li>Thursday May 13, 1:00 \u2013 2:30 pm EDT<ul><li><strong>Gouvernement de la Colombie-Britannique<\/strong><\/li><li><strong>Gouvernement de l\u2019Ontario<br><\/strong><br><\/li><\/ul><\/li><li>Wednesday May 19 \/ Postponing to a later date<ul><li><strong>Marine Atlantique<br><\/strong><br><\/li><\/ul><\/li><li>Wednesday May 26, 1:00 \u2013 2:30 pm EDT<ul><li><strong>BC Ferries<br><\/strong><br><\/li><\/ul><\/li><li><a rel=\"noreferrer noopener\" href=\"https:\/\/us02web.zoom.us\/webinar\/register\/WN_gNLbNPpzQcK-AmefWe2-oA\" target=\"_blank\">Mercredi 2 juin,<\/a>de 13 h \u00e0 14 h 30 HAE<ul><li><strong>Halifax Transit<\/strong><\/li><li><strong>Seaspan<\/strong><br><\/li><\/ul><\/li><\/ul>\n\n\n\n<p><strong>Des questions?<\/strong> Si vous avez des questions ou que vous avez besoin de renseignements suppl\u00e9mentaires, n\u2019h\u00e9sitez pas \u00e0 communiquer avec nous par courriel \u00e0 l\u2019adresse <a href=\"mailto:chelm@canadianferry.ca\">chelm@canadianferry.ca<\/a><\/p>","protected":false},"excerpt":{"rendered":"<p>CFA is holding a series of virtual webinars with our owner\/operator members on their capital plans and expenditures with a focus on new vessels, refits and shore-based infrastructure. Don\u2019t miss this opportunity to reconnect! What Can You Expect? The format will include panel presentations followed by a Q&amp;A session. Suppliers will have an opportunity to [&hellip;]<\/p>\n","protected":false},"author":12,"featured_media":0,"parent":0,"menu_order":0,"comment_status":"closed","ping_status":"closed","template":"","meta":{"_seopress_robots_primary_cat":"","_seopress_titles_title":"","_seopress_titles_desc":"","_seopress_robots_index":"","footnotes":""},"class_list":["post-11832","page","type-page","status-publish","hentry"],"_links":{"self":[{"href":"https:\/\/canadianferry.ca\/fr\/wp-json\/wp\/v2\/pages\/11832","targetHints":{"allow":["GET"]}}],"collection":[{"href":"https:\/\/canadianferry.ca\/fr\/wp-json\/wp\/v2\/pages"}],"about":[{"href":"https:\/\/canadianferry.ca\/fr\/wp-json\/wp\/v2\/types\/page"}],"author":[{"embeddable":true,"href":"https:\/\/canadianferry.ca\/fr\/wp-json\/wp\/v2\/users\/12"}],"replies":[{"embeddable":true,"href":"https:\/\/canadianferry.ca\/fr\/wp-json\/wp\/v2\/comments?post=11832"}],"version-history":[{"count":5,"href":"https:\/\/canadianferry.ca\/fr\/wp-json\/wp\/v2\/pages\/11832\/revisions"}],"predecessor-version":[{"id":11913,"href":"https:\/\/canadianferry.ca\/fr\/wp-json\/wp\/v2\/pages\/11832\/revisions\/11913"}],"wp:attachment":[{"href":"https:\/\/canadianferry.ca\/fr\/wp-json\/wp\/v2\/media?parent=11832"}],"curies":[{"name":"wp","href":"https:\/\/api.w.org\/{rel}","templated":true}]}}