{"id":11767,"date":"2021-02-01T10:22:46","date_gmt":"2021-02-01T15:22:46","guid":{"rendered":"https:\/\/canadianferry.ca\/?page_id=11767"},"modified":"2021-02-01T10:22:52","modified_gmt":"2021-02-01T15:22:52","slug":"envirolin","status":"publish","type":"page","link":"https:\/\/canadianferry.ca\/fr\/envirolin\/","title":{"rendered":"Envirolin Canada"},"content":{"rendered":"<p class=\"has-text-align-center has-small-font-size\"><strong><em>Supplier Member of the Month<\/em><\/strong> allows one CFA Supplier member per month to highlight their business.<\/p>\n\n\n\n<div class=\"wp-block-image is-style-default\"><figure class=\"aligncenter size-large is-resized\"><a href=\"https:\/\/envirolin.com\/en\/\" target=\"_blank\" rel=\"noopener noreferrer\"><img loading=\"lazy\" decoding=\"async\" src=\"https:\/\/canadianferry.ca\/wp-content\/uploads\/CFA-MoM-Highlight-Jan-2021-1024x576.jpg\" alt=\"\" class=\"wp-image-11724\" width=\"768\" height=\"432\" srcset=\"https:\/\/canadianferry.ca\/wp-content\/uploads\/CFA-MoM-Highlight-Jan-2021-1024x576.jpg 1024w, https:\/\/canadianferry.ca\/wp-content\/uploads\/CFA-MoM-Highlight-Jan-2021-300x169.jpg 300w, https:\/\/canadianferry.ca\/wp-content\/uploads\/CFA-MoM-Highlight-Jan-2021-768x432.jpg 768w, https:\/\/canadianferry.ca\/wp-content\/uploads\/CFA-MoM-Highlight-Jan-2021-16x9.jpg 16w, https:\/\/canadianferry.ca\/wp-content\/uploads\/CFA-MoM-Highlight-Jan-2021.jpg 1280w\" sizes=\"auto, (max-width: 768px) 100vw, 768px\" \/><\/a><\/figure><\/div>\n\n\n\n<hr class=\"wp-block-separator\"\/>\n\n\n\n<p><strong><br><\/strong>ENVIROLIN CANADA is THE reference as the Canadian importer and distributor of biodegradable synthetic lubricants of the world-renowned European brand PANOLIN\u00ae. ENVIROLIN offers from coast to coast, a wide range of eco-compatible products to meet the specific needs of customers in the marine, heavy machinery, offshore, forestry, railway, agriculture and hydropower industries. Today, ENVIROLIN and PANOLIN\u00ae HLP SYNTH are leaders in the supply of ultimately biodegradable hydraulic fluids to various consumer markets.<\/p>\n\n\n\n<p>ENVIROLIN will continue its development in the coming years by supporting the marine market in strategic locations, and by maintaining a constant interest in the development of advanced solutions.&nbsp; Thus, several innovations and new products will be presented, aiming among other things to achieve extended lubricant change intervals. <\/p>\n\n\n\n<p>ENVIROLIN is proud to be the supplier of the month and to participate in the Canadian Ferry Association's mission to provide its members with products that contribute to reducing greenhouse gases while increasing the performance of machinery and reducing costs, maintenance and wear.<\/p>\n\n\n\n<hr class=\"wp-block-separator\"\/>\n\n\n\n<p>ENVIROLIN CANADA est LA r\u00e9f\u00e9rence comme importateur et distributeur canadien de lubrifiants synth\u00e9tiques biod\u00e9gradables de la marque europ\u00e9enne mondialement reconnue PANOLIN\u00ae. ENVIROLIN propose d\u2019un oc\u00e9an \u00e0 l\u2019autre, un large \u00e9ventail des produits \u00e9co compatibles pour r\u00e9pondre aux besoins sp\u00e9cifiques des clients dans les industries maritime,&nbsp; de la machinerie lourde, de l\u2019exploration et des plateformes p\u00e9troli\u00e8res, de la for\u00eat, du domaine ferroviaire, de l\u2019agriculture et de l\u2019hydro\u00e9lectricit\u00e9,. ENVIROLIN et PANOLIN\u00ae HLP SYNTH occupent aujourd\u2019hui une position de chefs de file dans la fourniture des fluides hydrauliques ultimement biod\u00e9gradables aux divers march\u00e9s de consommation.<\/p>\n\n\n\n<p>ENVIROLIN poursuivra son d\u00e9veloppement dans les prochaines ann\u00e9es en soutenant le march\u00e9 maritime aux endroits strat\u00e9giques, et en maintenant constamment un int\u00e9r\u00eat pour le d\u00e9veloppement de solutions innovantes de pointe. Ainsi, plusieurs innovations et nouveaut\u00e9s seront pr\u00e9sent\u00e9es, visant entre autre le but d\u2019atteindre des intervalles de vidange de lubrifiant prolong\u00e9es. <\/p>\n\n\n\n<p>ENVIROLIN est fi\u00e8re d\u2019\u00eatre le fournisseur du mois et de participer \u00e0 la mission de l\u2019Association canadienne des traversiers et de fournir \u00e0 ses membres des produits qui contribuent \u00e0 diminuer les gaz \u00e0 effet de serre tout en augmentant la performance de la machinerie tout en diminuant leur entretien et leur usure.<\/p>\n\n\n\n<hr class=\"wp-block-separator\"\/>\n\n\n\n<p><strong><span style=\"text-decoration: underline;\">Nous contacter<\/span><\/strong><\/p>\n\n\n\n<p>Envirolin Canada<\/p>\n\n\n\n<p>520, rue Adanac Qu\u00e9bec (Qu\u00e9bec) G1C 7B7<\/p>\n\n\n\n<p>Ph:\u00a0 418 623-1216<strong>\u00a0|\u00a0<\/strong>Toll free : 1 888 844-7925<\/p>\n\n\n\n<p>Email: <a href=\"mailto:info@envirolin.com\">info@envirolin.<\/a><a rel=\"noreferrer noopener\" href=\"mailto:brent.chorney@aon.ca\" target=\"_blank\">com<\/a><\/p>\n\n\n\n<p>Web:  <a href=\"https:\/\/envirolin.com\/en\/\" target=\"_blank\" rel=\"noreferrer noopener\">https:\/\/envirolin.com\/en\/<\/a><\/p>\n\n\n\n<p>Linkedin:<a rel=\"noreferrer noopener\" href=\"https:\/\/www.linkedin.com\/company\/aon\/\" target=\"_blank\"> <\/a><a href=\"https:\/\/www.linkedin.com\/company\/envirolin\/\" target=\"_blank\" rel=\"noreferrer noopener\">https:\/\/www.linkedin.com\/company\/envirolin\/<\/a><\/p>","protected":false},"excerpt":{"rendered":"<p>Supplier Member of the Month allows one CFA Supplier member per month to highlight their business. ENVIROLIN CANADA is THE reference as the Canadian importer and distributor of biodegradable synthetic lubricants of the world-renowned European brand PANOLIN\u00ae. ENVIROLIN offers from coast to coast, a wide range of eco-compatible products to meet the specific needs of [&hellip;]<\/p>\n","protected":false},"author":12,"featured_media":0,"parent":0,"menu_order":0,"comment_status":"closed","ping_status":"closed","template":"","meta":{"_seopress_robots_primary_cat":"","_seopress_titles_title":"","_seopress_titles_desc":"","_seopress_robots_index":"","footnotes":""},"class_list":["post-11767","page","type-page","status-publish","hentry"],"_links":{"self":[{"href":"https:\/\/canadianferry.ca\/fr\/wp-json\/wp\/v2\/pages\/11767","targetHints":{"allow":["GET"]}}],"collection":[{"href":"https:\/\/canadianferry.ca\/fr\/wp-json\/wp\/v2\/pages"}],"about":[{"href":"https:\/\/canadianferry.ca\/fr\/wp-json\/wp\/v2\/types\/page"}],"author":[{"embeddable":true,"href":"https:\/\/canadianferry.ca\/fr\/wp-json\/wp\/v2\/users\/12"}],"replies":[{"embeddable":true,"href":"https:\/\/canadianferry.ca\/fr\/wp-json\/wp\/v2\/comments?post=11767"}],"version-history":[{"count":1,"href":"https:\/\/canadianferry.ca\/fr\/wp-json\/wp\/v2\/pages\/11767\/revisions"}],"predecessor-version":[{"id":11768,"href":"https:\/\/canadianferry.ca\/fr\/wp-json\/wp\/v2\/pages\/11767\/revisions\/11768"}],"wp:attachment":[{"href":"https:\/\/canadianferry.ca\/fr\/wp-json\/wp\/v2\/media?parent=11767"}],"curies":[{"name":"wp","href":"https:\/\/api.w.org\/{rel}","templated":true}]}}